{"id":643,"date":"2023-10-05T13:37:37","date_gmt":"2023-10-05T11:37:37","guid":{"rendered":"https:\/\/caffemauro.com\/?page_id=643"},"modified":"2025-07-15T23:36:05","modified_gmt":"2025-07-15T21:36:05","slug":"conditions-for-use","status":"publish","type":"page","link":"https:\/\/caffemauro.com\/en\/conditions-for-use\/","title":{"rendered":"Conditions for use of the website"},"content":{"rendered":"<p class=\"p1\">Welcome to the website <a href=\"http:\/\/www.caffemauro.com\/\"><span class=\"s1\">caffemauro.com<\/span><\/a>\u00a0(<b>\u201cWebsite<\/b>\u201d).<\/p>\n<p class=\"p2\">The website\u00a0<a id=\"m_317120509786837251OWAb5bf36e5-3cf4-2ddb-fac4-ba0ea5418fb4\" title=\"http:\/\/caffemauro.com\/\" href=\"http:\/\/caffemauro.com\/\" target=\"_blank\" rel=\"noopener\" data-saferedirecturl=\"https:\/\/www.google.com\/url?q=http:\/\/caffemauro.com\/&amp;source=gmail&amp;ust=1752701486581000&amp;usg=AOvVaw0gjcEYaj1rVcppH8CHDbh5\">caffemauro.com<\/a>\u00a0is owned by Gruppo Gimoka S.p.A. \u2013 with registered office in Italy, via Fratelli Gracchi n.42, Cinisello Balsamo (Milan), VAT number 00177230141, Fiscal Code 01913150130, hereinafter also referred to as the \u201cSeller\u201d or \u201cGruppo Gimoka\u201d or the \u201cCompany\u201d registered in the Economic and Administrative Register with no. MI\u20131816594, email\u00a0<a id=\"m_317120509786837251OWA412d0e8f-974f-7b88-d4ee-653a3f62840f\" title=\"mailto:caffemauro@caffemauro.com\" href=\"mailto:caffemauro@caffemauro.com\" target=\"_blank\" rel=\"noopener\">caffemauro@caffemauro.com<\/a>, certified email\u00a0<a id=\"m_317120509786837251OWAd4ea5de4-c90c-6620-90d1-562674c41b2a\" title=\"mailto:gimokasrl@pec.gimoka.it\" href=\"mailto:gimokasrl@pec.gimoka.it\" target=\"_blank\" rel=\"noopener\">gimokasrl@pec.gimoka.it<\/a>. The website is managed and maintained by Gruppo Gimoka S.p.A.<\/p>\n<p class=\"p2\">Access to and use of the Website are governed by these terms and conditions of use (the \u201c<b>Terms and Conditions of Use<\/b>\u201d).<\/p>\n<p class=\"p2\">Access to and use of the Website, as well as the purchase of products on the Website, imply that these Terms and Conditions of Use have been read, understood and accepted.<\/p>\n<p class=\"p2\">For information on the processing of personal data, see the \u201c<b>Privacy Policy<\/b>\u201d.<\/p>\n<p class=\"p2\"><b>Caff\u00e8 Mauro\u00a0<\/b>may change or update all or part of these Terms and Conditions of Use at any time. The changes and updates to the Terms and Conditions of Use will be adopted and will be binding as soon as they are published in this section of the Website. We therefore invite you to check this section regularly for publication of the most recent and updated Terms and Conditions of Use of the Website.<\/p>\n<p class=\"p2\">Remember that you are the only person responsible for the use of the Website and its contents.\u00a0<b>Caff\u00e8 Mauro<\/b>\u00a0cannot be considered responsible for the misuse of the Website and its contents by any of its users, with the exception of responsibility for fraud and gross misconduct.<\/p>\n<p class=\"p2\">In particular, you will be solely responsible for browsing, accessing and using the Materials, as defined in article 2 hereunder, as well as for providing information and data that are incorrect, false or relating to third parties without their consent, and for their improper use.<\/p>\n<p class=\"p2\">Lastly, as all material will be downloaded and obtained through the use of the service at the user&#8217;s discretion and risk, all responsibility for damage to computer systems or loss of data lies with the user and cannot be attributed to Caff\u00e8 Mauro. Caff\u00e8 Mauro declines all responsibility for damages resulting from the inaccessibility of the service or caused by viruses, damaged files, errors, omissions, service interruptions, problems related to the network, providers, telephone or computer connections, unauthorised access, alteration of data, failure or malfunction of the user&#8217;s electronic equipment.<\/p>\n<p class=\"p2\">The user is responsible for the safekeeping and proper use of their own systems and their own information or personal data, as well as for all damaging consequences or prejudice that may arise against Caff\u00e8 Mauro or third parties as a result of the improper use, loss or theft of said information.<\/p>\n<p class=\"p3\"><span class=\"Apple-converted-space\">\u00a0<\/span><\/p>\n<ol class=\"ol1\">\n<li class=\"li2\"><b><\/b><b>Privacy Policy<\/b><\/li>\n<\/ol>\n<p class=\"p2\">We invite you to read the Privacy Policy, which applies when you access the Website and use its services. The Privacy Policy will help you understand how your personal data is collected through the Website and used, and for which purposes.<\/p>\n<ol class=\"ol1\">\n<li class=\"li2\"><b><\/b><b>Intellectual property rights<\/b><\/li>\n<\/ol>\n<p class=\"p2\">The contents of the Website, such as trademarks, distinctive signs, domain names, models, labels, works, images, photographs, dialogues, music, sounds and videos, documents, drawings, figures, illustrations and logos, as well as the implementation and use of the Website, the structure and organisation of the contents of the Website, the collection and organisation of data and information, and any other material, in any format, published or otherwise made available on the Website or reproduced through the Website, including colours, web pages, graphics, diagrams, layout, methods, processes, functions and software (the \u201c<b>Materials<\/b>\u201d), are the exclusive property of Caff\u00e8 Mauro or are granted to the latter in use or used legitimately, and are protected by copyright and by the legislation on intellectual and industrial property.<\/p>\n<p class=\"p2\">The Website is intended for private use, for the personal purposes of the user and not for commercial purposes. The Materials presented on the Website are for informative and promotional purposes only.<\/p>\n<p class=\"p2\">None of the following operations may be carried out, in any form, by any means or for any purpose, in whole or in part, on the Website or on any of the Materials: reproduction (except for reproduction for personal and non-commercial use), publication, disclosure, transmission, release to the public, re-publication, distribution, display, removal, deletion, addition or modification, creation or use of derivative or otherwise inspired works, sale or participation in sale in any way, without the express written consent of Caff\u00e8 Mauro and, where necessary, of the other holders of rights indicated by the latter.<\/p>\n<p class=\"p2\">Downloading or copying, where authorised in writing by Caff\u00e8 Mauro, does not imply acquisition by the user of any right or entitlement to or stake in the Material.<\/p>\n<ol class=\"ol1\">\n<li class=\"li2\"><b><\/b><b>Products and Trademarks<\/b><\/li>\n<\/ol>\n<p class=\"p2\">The Website contains trademarks registered by the owner of the Website and by third parties, used within the Website for the sole purpose of distinguishing and describing the products shown and marketed therein, or for the purpose of illustrating the designer&#8217;s professional career.<\/p>\n<p class=\"p2\">Any unauthorised use of these trademarks is forbidden. The use of these trademarks and any other distinctive sign present on the Website in order to take unfair advantage of the distinctive character or reputation of these trademarks, or in such a way as to damage them and their owners, is not permitted.<\/p>\n<ol class=\"ol1\">\n<li class=\"li2\"><b><\/b><b>Links to other websites<\/b><\/li>\n<\/ol>\n<p class=\"p2\">The Website may contain links to other websites that have no connection with the Website or with Caff\u00e8 Mauro. The latter cannot be held responsible for the content of these websites and the regulations adopted by them, including those relating to privacy and the processing of your personal data during your browsing activity.<\/p>\n<ol class=\"ol1\">\n<li class=\"li2\"><b><\/b><b>Link to the Website<\/b><\/li>\n<\/ol>\n<p class=\"p2\">Anyone interested in activating links to the home page and other pages of the Website that are publicly accessible is invited to contact Caff\u00e8 Mauro at the following e-mail address:\u00a0<a href=\"mailto:caffemauro@caffemauro.com\"><span class=\"s1\"><b>caffemauro@caffemauro.com<\/b><\/span><\/a>. Caff\u00e8 Mauro will decide whether to accept the application for activation of the link and will notify the applicant.<\/p>\n<p class=\"p2\">It should, however, be noted that the activation of links is granted by Caff\u00e8 Mauro to the applicant free of charge and on a non-exclusive basis. Caff\u00e8 Mauro has the right to oppose the activation of direct links to the Website if the applicant has adopted trade practices in the past that are unfair or non-compliant with the practices of the sector, has engaged in unfair competition with Caff\u00e8 Mauro or its suppliers, if disputes have arisen with Caff\u00e8 Mauro or its suppliers or if Caff\u00e8 Mauro fears that these behaviours may be adopted in the future. Likewise, Caff\u00e8 Mauro may oppose the activation of direct links to the Website if the applicant has adopted discrediting actions regarding Caff\u00e8 Mauro, the Website or services rendered by Caff\u00e8 Mauro in the past, or there are fears that it may adopt them in the future. The activation of deep hypertext links (deep frames or deep links) to the Website or the unauthorised use of meta-tags, without the consent of Caff\u00e8 Mauro, is in any case forbidden.<\/p>\n<ol class=\"ol1\">\n<li class=\"li2\"><b><\/b><b>Applicable law and settlement of disputes<\/b><\/li>\n<\/ol>\n<p class=\"p2\">These Terms and Conditions of Use are governed by Italian law and subject to Italian jurisdiction.<\/p>\n<p class=\"p2\">The Court of Reggio Calabria shall hold exclusive jurisdiction over any dispute arising or originating from these Terms and Conditions of Use. Please note that, if the user is a consumer, any dispute relating to the application, implementation and interpretation of these Terms and Conditions of Use shall be referred to the Court of the place where the user resides or has an elected domicile, if the dispute relates to matters governed by Title III, Chapter I, Sections I to IV of Legislative Decree 206\/2005 (\u201c<i>Consumer Code<\/i>\u201d).<\/p>\n<p class=\"p2\">Users residing in a Member State of the European Union other than Italy may also have access, for any dispute relating to the application, implementation and interpretation of these Terms and Conditions of Use, to the European Small Claims Procedure established by Regulation (EC) 861\/2007 of the European Parliament and of the Council of 11 July 2007, as long as the value of the dispute does not exceed Euro 5,000.00, excluding interest, fees and expenses. The regulation can be found at\u00a0<a href=\"http:\/\/www.eur-lex.europa.eu\/\"><span class=\"s1\">www.eur-lex.europa.eu<\/span><\/a>.<\/p>\n","protected":false},"excerpt":{"rendered":"<p>Welcome to the website caffemauro.com\u00a0(\u201cWebsite\u201d). The website\u00a0caffemauro.com\u00a0is owned by Gruppo Gimoka S.p.A. \u2013 with registered office in Italy, via Fratelli Gracchi n.42, Cinisello Balsamo (Milan), VAT number 00177230141, Fiscal Code 01913150130, hereinafter also referred to as the \u201cSeller\u201d or \u201cGruppo Gimoka\u201d or the \u201cCompany\u201d registered in the Economic and Administrative Register with no. MI\u20131816594, email\u00a0caffemauro@caffemauro.com, [&hellip;]<\/p>\n","protected":false},"author":712,"featured_media":0,"parent":0,"menu_order":130,"comment_status":"closed","ping_status":"closed","template":"","meta":{"_acf_changed":false,"footnotes":""},"class_list":["post-643","page","type-page","status-publish","hentry"],"acf":[],"yoast_head":"<!-- This site is optimized with the Yoast SEO plugin v25.5 - https:\/\/yoast.com\/wordpress\/plugins\/seo\/ -->\n<title>Conditions for use of the website - Caff\u00e8 Mauro<\/title>\n<meta name=\"description\" content=\"Fondata nel 1949 da Demetrio Mauro, l\u2019Azienda si \u00e8 imposta nel panorama delle maggiori torrefattrici italiane nel giro di pochi anni, conosciuta in Italia e all\u2019Estero grazie alla qualit\u00e0 del prodotto e alla peculiarit\u00e0 della \u201ctostatura lenta\u201d.\" \/>\n<meta name=\"robots\" content=\"index, follow, max-snippet:-1, max-image-preview:large, max-video-preview:-1\" \/>\n<link rel=\"canonical\" href=\"https:\/\/caffemauro.com\/en\/conditions-for-use\/\" \/>\n<meta property=\"og:locale\" content=\"en_US\" \/>\n<meta property=\"og:type\" content=\"article\" \/>\n<meta property=\"og:title\" content=\"Conditions for use of the website - Caff\u00e8 Mauro\" \/>\n<meta property=\"og:description\" content=\"Fondata nel 1949 da Demetrio Mauro, l\u2019Azienda si \u00e8 imposta nel panorama delle maggiori torrefattrici italiane nel giro di pochi anni, conosciuta in Italia e all\u2019Estero grazie alla qualit\u00e0 del prodotto e alla peculiarit\u00e0 della \u201ctostatura lenta\u201d.\" \/>\n<meta property=\"og:url\" content=\"https:\/\/caffemauro.com\/en\/conditions-for-use\/\" \/>\n<meta property=\"og:site_name\" content=\"Caff\u00e8 Mauro\" \/>\n<meta property=\"article:publisher\" content=\"https:\/\/www.facebook.com\/caffemauro\" \/>\n<meta property=\"article:modified_time\" content=\"2025-07-15T21:36:05+00:00\" \/>\n<meta property=\"og:image\" content=\"https:\/\/caffemauro.com\/wp-content\/uploads\/caffemauro-bg-social.jpg\" \/>\n\t<meta property=\"og:image:width\" content=\"1200\" \/>\n\t<meta property=\"og:image:height\" content=\"675\" \/>\n\t<meta property=\"og:image:type\" content=\"image\/jpeg\" \/>\n<meta name=\"twitter:card\" content=\"summary_large_image\" \/>\n<meta name=\"twitter:label1\" content=\"Est. reading time\" \/>\n\t<meta name=\"twitter:data1\" content=\"7 minutes\" \/>\n<script type=\"application\/ld+json\" class=\"yoast-schema-graph\">{\"@context\":\"https:\/\/schema.org\",\"@graph\":[{\"@type\":\"WebPage\",\"@id\":\"https:\/\/caffemauro.com\/en\/conditions-for-use\/\",\"url\":\"https:\/\/caffemauro.com\/en\/conditions-for-use\/\",\"name\":\"Conditions for use of the website - Caff\u00e8 Mauro\",\"isPartOf\":{\"@id\":\"https:\/\/caffemauro.com\/en\/#website\"},\"datePublished\":\"2023-10-05T11:37:37+00:00\",\"dateModified\":\"2025-07-15T21:36:05+00:00\",\"description\":\"Fondata nel 1949 da Demetrio Mauro, l\u2019Azienda si \u00e8 imposta nel panorama delle maggiori torrefattrici italiane nel giro di pochi anni, conosciuta in Italia e all\u2019Estero grazie alla qualit\u00e0 del prodotto e alla peculiarit\u00e0 della \u201ctostatura lenta\u201d.\",\"breadcrumb\":{\"@id\":\"https:\/\/caffemauro.com\/en\/conditions-for-use\/#breadcrumb\"},\"inLanguage\":\"en-US\",\"potentialAction\":[{\"@type\":\"ReadAction\",\"target\":[\"https:\/\/caffemauro.com\/en\/conditions-for-use\/\"]}]},{\"@type\":\"BreadcrumbList\",\"@id\":\"https:\/\/caffemauro.com\/en\/conditions-for-use\/#breadcrumb\",\"itemListElement\":[{\"@type\":\"ListItem\",\"position\":1,\"name\":\"Home\",\"item\":\"https:\/\/caffemauro.com\/en\/\"},{\"@type\":\"ListItem\",\"position\":2,\"name\":\"Conditions for use of the website\"}]},{\"@type\":\"WebSite\",\"@id\":\"https:\/\/caffemauro.com\/en\/#website\",\"url\":\"https:\/\/caffemauro.com\/en\/\",\"name\":\"Caff\u00e8 Mauro\",\"description\":\"\",\"publisher\":{\"@id\":\"https:\/\/caffemauro.com\/en\/#organization\"},\"potentialAction\":[{\"@type\":\"SearchAction\",\"target\":{\"@type\":\"EntryPoint\",\"urlTemplate\":\"https:\/\/caffemauro.com\/en\/?s={search_term_string}\"},\"query-input\":{\"@type\":\"PropertyValueSpecification\",\"valueRequired\":true,\"valueName\":\"search_term_string\"}}],\"inLanguage\":\"en-US\"},{\"@type\":\"Organization\",\"@id\":\"https:\/\/caffemauro.com\/en\/#organization\",\"name\":\"Caff\u00e8 Mauro\",\"alternateName\":\"Caff\u00e9 Mauro\",\"url\":\"https:\/\/caffemauro.com\/en\/\",\"logo\":{\"@type\":\"ImageObject\",\"inLanguage\":\"en-US\",\"@id\":\"https:\/\/caffemauro.com\/en\/#\/schema\/logo\/image\/\",\"url\":\"https:\/\/caffemauro.com\/wp-content\/uploads\/caffemauro-logo.png\",\"contentUrl\":\"https:\/\/caffemauro.com\/wp-content\/uploads\/caffemauro-logo.png\",\"width\":1000,\"height\":1000,\"caption\":\"Caff\u00e8 Mauro\"},\"image\":{\"@id\":\"https:\/\/caffemauro.com\/en\/#\/schema\/logo\/image\/\"},\"sameAs\":[\"https:\/\/www.facebook.com\/caffemauro\",\"https:\/\/www.instagram.com\/caffemauro\/\"]}]}<\/script>\n<!-- \/ Yoast SEO plugin. -->","yoast_head_json":{"title":"Conditions for use of the website - Caff\u00e8 Mauro","description":"Fondata nel 1949 da Demetrio Mauro, l\u2019Azienda si \u00e8 imposta nel panorama delle maggiori torrefattrici italiane nel giro di pochi anni, conosciuta in Italia e all\u2019Estero grazie alla qualit\u00e0 del prodotto e alla peculiarit\u00e0 della \u201ctostatura lenta\u201d.","robots":{"index":"index","follow":"follow","max-snippet":"max-snippet:-1","max-image-preview":"max-image-preview:large","max-video-preview":"max-video-preview:-1"},"canonical":"https:\/\/caffemauro.com\/en\/conditions-for-use\/","og_locale":"en_US","og_type":"article","og_title":"Conditions for use of the website - Caff\u00e8 Mauro","og_description":"Fondata nel 1949 da Demetrio Mauro, l\u2019Azienda si \u00e8 imposta nel panorama delle maggiori torrefattrici italiane nel giro di pochi anni, conosciuta in Italia e all\u2019Estero grazie alla qualit\u00e0 del prodotto e alla peculiarit\u00e0 della \u201ctostatura lenta\u201d.","og_url":"https:\/\/caffemauro.com\/en\/conditions-for-use\/","og_site_name":"Caff\u00e8 Mauro","article_publisher":"https:\/\/www.facebook.com\/caffemauro","article_modified_time":"2025-07-15T21:36:05+00:00","og_image":[{"width":1200,"height":675,"url":"https:\/\/caffemauro.com\/wp-content\/uploads\/caffemauro-bg-social.jpg","type":"image\/jpeg"}],"twitter_card":"summary_large_image","twitter_misc":{"Est. reading time":"7 minutes"},"schema":{"@context":"https:\/\/schema.org","@graph":[{"@type":"WebPage","@id":"https:\/\/caffemauro.com\/en\/conditions-for-use\/","url":"https:\/\/caffemauro.com\/en\/conditions-for-use\/","name":"Conditions for use of the website - Caff\u00e8 Mauro","isPartOf":{"@id":"https:\/\/caffemauro.com\/en\/#website"},"datePublished":"2023-10-05T11:37:37+00:00","dateModified":"2025-07-15T21:36:05+00:00","description":"Fondata nel 1949 da Demetrio Mauro, l\u2019Azienda si \u00e8 imposta nel panorama delle maggiori torrefattrici italiane nel giro di pochi anni, conosciuta in Italia e all\u2019Estero grazie alla qualit\u00e0 del prodotto e alla peculiarit\u00e0 della \u201ctostatura lenta\u201d.","breadcrumb":{"@id":"https:\/\/caffemauro.com\/en\/conditions-for-use\/#breadcrumb"},"inLanguage":"en-US","potentialAction":[{"@type":"ReadAction","target":["https:\/\/caffemauro.com\/en\/conditions-for-use\/"]}]},{"@type":"BreadcrumbList","@id":"https:\/\/caffemauro.com\/en\/conditions-for-use\/#breadcrumb","itemListElement":[{"@type":"ListItem","position":1,"name":"Home","item":"https:\/\/caffemauro.com\/en\/"},{"@type":"ListItem","position":2,"name":"Conditions for use of the website"}]},{"@type":"WebSite","@id":"https:\/\/caffemauro.com\/en\/#website","url":"https:\/\/caffemauro.com\/en\/","name":"Caff\u00e8 Mauro","description":"","publisher":{"@id":"https:\/\/caffemauro.com\/en\/#organization"},"potentialAction":[{"@type":"SearchAction","target":{"@type":"EntryPoint","urlTemplate":"https:\/\/caffemauro.com\/en\/?s={search_term_string}"},"query-input":{"@type":"PropertyValueSpecification","valueRequired":true,"valueName":"search_term_string"}}],"inLanguage":"en-US"},{"@type":"Organization","@id":"https:\/\/caffemauro.com\/en\/#organization","name":"Caff\u00e8 Mauro","alternateName":"Caff\u00e9 Mauro","url":"https:\/\/caffemauro.com\/en\/","logo":{"@type":"ImageObject","inLanguage":"en-US","@id":"https:\/\/caffemauro.com\/en\/#\/schema\/logo\/image\/","url":"https:\/\/caffemauro.com\/wp-content\/uploads\/caffemauro-logo.png","contentUrl":"https:\/\/caffemauro.com\/wp-content\/uploads\/caffemauro-logo.png","width":1000,"height":1000,"caption":"Caff\u00e8 Mauro"},"image":{"@id":"https:\/\/caffemauro.com\/en\/#\/schema\/logo\/image\/"},"sameAs":["https:\/\/www.facebook.com\/caffemauro","https:\/\/www.instagram.com\/caffemauro\/"]}]}},"_links":{"self":[{"href":"https:\/\/caffemauro.com\/en\/wp-json\/wp\/v2\/pages\/643","targetHints":{"allow":["GET"]}}],"collection":[{"href":"https:\/\/caffemauro.com\/en\/wp-json\/wp\/v2\/pages"}],"about":[{"href":"https:\/\/caffemauro.com\/en\/wp-json\/wp\/v2\/types\/page"}],"author":[{"embeddable":true,"href":"https:\/\/caffemauro.com\/en\/wp-json\/wp\/v2\/users\/712"}],"replies":[{"embeddable":true,"href":"https:\/\/caffemauro.com\/en\/wp-json\/wp\/v2\/comments?post=643"}],"version-history":[{"count":4,"href":"https:\/\/caffemauro.com\/en\/wp-json\/wp\/v2\/pages\/643\/revisions"}],"predecessor-version":[{"id":1788,"href":"https:\/\/caffemauro.com\/en\/wp-json\/wp\/v2\/pages\/643\/revisions\/1788"}],"wp:attachment":[{"href":"https:\/\/caffemauro.com\/en\/wp-json\/wp\/v2\/media?parent=643"}],"curies":[{"name":"wp","href":"https:\/\/api.w.org\/{rel}","templated":true}]}}